{"id":4,"date":"2018-06-25T12:15:44","date_gmt":"2018-06-25T12:15:44","guid":{"rendered":"http:\/\/demo.athemes.com\/atu-agency\/?page_id=4"},"modified":"2023-02-01T17:09:05","modified_gmt":"2023-02-01T17:09:05","slug":"inicio","status":"publish","type":"page","link":"https:\/\/1elemento.com\/1ele\/","title":{"rendered":"Inicio"},"content":{"rendered":"\t\t<div data-elementor-type=\"wp-post\" data-elementor-id=\"4\" class=\"elementor elementor-4\">\n\t\t\t\t\t\t\t\t\t<section class=\"elementor-section elementor-top-section elementor-element elementor-element-fbc8976 elementor-section-boxed elementor-section-height-default elementor-section-height-default\" data-id=\"fbc8976\" data-element_type=\"section\" data-settings=\"{&quot;background_background&quot;:&quot;classic&quot;}\">\n\t\t\t\t\t\t<div class=\"elementor-container elementor-column-gap-wide\">\n\t\t\t\t\t<div class=\"elementor-column elementor-col-50 elementor-top-column elementor-element elementor-element-f591a66\" data-id=\"f591a66\" data-element_type=\"column\">\n\t\t\t<div class=\"elementor-widget-wrap elementor-element-populated\">\n\t\t\t\t\t\t\t\t<div class=\"elementor-element elementor-element-6477d8a elementor-widget elementor-widget-text-editor\" data-id=\"6477d8a\" data-element_type=\"widget\" data-widget_type=\"text-editor.default\">\n\t\t\t\t<div class=\"elementor-widget-container\">\n\t\t\t\t\t\t\t<p>A 1\u00ba Elemento \u2013 Programa\u00e7\u00e3o Inform\u00e1tica, Lda. foi constitu\u00edda em 1998, dentro do Grupo Escripovoa, orientada para a informatiza\u00e7\u00e3o e auditoria de PME\u2019s na \u00e1rea da restaura\u00e7\u00e3o, mais especificamente Discotecas, Bares, Restaurantes e Caf\u00e9s.<\/p><p>Rapidamente, a 1\u00ba Elemento se tornou l\u00edder em Portugal na informatiza\u00e7\u00e3o desse tipo de empresas, sendo hoje uma refer\u00eancia na \u00e1rea.<\/p><p>O constante crescimento \u00e9 fruto de todo um trabalho de equipa, desenvolvimento e aten\u00e7\u00e3o \u00e0 constante evolu\u00e7\u00e3o do mercado, nunca esquecendo os clientes\u2026<\/p><p>O\u00a0<em>bem servir<\/em>, n\u00e3o \u00e9 apenas um chav\u00e3o, mas sim um lema essencial da sua cultura como empresa. Um ponto de honra.<\/p><p>N\u00e3o sendo uma empresa com a exclusiva fun\u00e7\u00e3o de vender equipamentos inform\u00e1ticos, mas tamb\u00e9m aconselhamento, cresce junto com os seus clientes, contando hoje com algumas das maiores e melhores empresas em Portugal da \u00e1rea. Nunca uma empresa em Portugal teve um rol de clientes assim.<\/p><p>Aos seus clientes um Muito Obrigado, e saibam que podem contar sempre com a 1\u00baElemento.<\/p>\t\t\t\t\t\t<\/div>\n\t\t\t\t<\/div>\n\t\t\t\t\t<\/div>\n\t\t<\/div>\n\t\t\t\t<div class=\"elementor-column elementor-col-50 elementor-top-column elementor-element elementor-element-3917de8\" data-id=\"3917de8\" data-element_type=\"column\">\n\t\t\t<div class=\"elementor-widget-wrap elementor-element-populated\">\n\t\t\t\t\t\t\t\t<div class=\"elementor-element elementor-element-b327377 elementor-widget elementor-widget-image\" data-id=\"b327377\" data-element_type=\"widget\" data-widget_type=\"image.default\">\n\t\t\t\t<div class=\"elementor-widget-container\">\n\t\t\t\t\t\t\t\t\t\t\t\t\t\t\t<img decoding=\"async\" width=\"1024\" height=\"1024\" src=\"https:\/\/1elemento.com\/1ele\/wp-content\/uploads\/2022\/05\/Logo1ElementoT.png\" class=\"attachment-large size-large wp-image-814\" alt=\"\" srcset=\"https:\/\/1elemento.com\/1ele\/wp-content\/uploads\/2022\/05\/Logo1ElementoT.png 1024w, https:\/\/1elemento.com\/1ele\/wp-content\/uploads\/2022\/05\/Logo1ElementoT-300x300.png 300w, https:\/\/1elemento.com\/1ele\/wp-content\/uploads\/2022\/05\/Logo1ElementoT-150x150.png 150w, https:\/\/1elemento.com\/1ele\/wp-content\/uploads\/2022\/05\/Logo1ElementoT-768x768.png 768w, https:\/\/1elemento.com\/1ele\/wp-content\/uploads\/2022\/05\/Logo1ElementoT-720x720.png 720w, https:\/\/1elemento.com\/1ele\/wp-content\/uploads\/2022\/05\/Logo1ElementoT-360x360.png 360w\" sizes=\"(max-width: 1024px) 100vw, 1024px\" \/>\t\t\t\t\t\t\t\t\t\t\t\t\t\t\t<\/div>\n\t\t\t\t<\/div>\n\t\t\t\t\t<\/div>\n\t\t<\/div>\n\t\t\t\t\t\t\t<\/div>\n\t\t<\/section>\n\t\t\t\t<section class=\"elementor-section elementor-top-section elementor-element elementor-element-81949d4 elementor-section-boxed elementor-section-height-default elementor-section-height-default\" data-id=\"81949d4\" data-element_type=\"section\">\n\t\t\t\t\t\t<div class=\"elementor-container elementor-column-gap-default\">\n\t\t\t\t\t<div class=\"elementor-column elementor-col-33 elementor-top-column elementor-element elementor-element-bb978b2\" data-id=\"bb978b2\" data-element_type=\"column\">\n\t\t\t<div class=\"elementor-widget-wrap elementor-element-populated\">\n\t\t\t\t\t\t\t\t<div class=\"elementor-element elementor-element-fb5f618 elementor-view-framed elementor-shape-circle elementor-widget elementor-widget-icon\" data-id=\"fb5f618\" data-element_type=\"widget\" data-widget_type=\"icon.default\">\n\t\t\t\t<div class=\"elementor-widget-container\">\n\t\t\t\t\t<div class=\"elementor-icon-wrapper\">\n\t\t\t<div class=\"elementor-icon\">\n\t\t\t<i aria-hidden=\"true\" class=\"fas fa-street-view\"><\/i>\t\t\t<\/div>\n\t\t<\/div>\n\t\t\t\t<\/div>\n\t\t\t\t<\/div>\n\t\t\t\t<div class=\"elementor-element elementor-element-ae4f15d elementor-widget elementor-widget-heading\" data-id=\"ae4f15d\" data-element_type=\"widget\" data-widget_type=\"heading.default\">\n\t\t\t\t<div class=\"elementor-widget-container\">\n\t\t\t<h2 class=\"elementor-heading-title elementor-size-default\">Localidade<\/h2>\t\t<\/div>\n\t\t\t\t<\/div>\n\t\t\t\t<div class=\"elementor-element elementor-element-04baf6a elementor-widget elementor-widget-text-editor\" data-id=\"04baf6a\" data-element_type=\"widget\" data-widget_type=\"text-editor.default\">\n\t\t\t\t<div class=\"elementor-widget-container\">\n\t\t\t\t\t\t\t<center><\/center><center><span style=\"color: #707070;\">R. Viriato Barbosa 819<br \/>4490-683 P\u00f3voa de Varzim<br \/><\/span><\/center>\t\t\t\t\t\t<\/div>\n\t\t\t\t<\/div>\n\t\t\t\t\t<\/div>\n\t\t<\/div>\n\t\t\t\t<div class=\"elementor-column elementor-col-33 elementor-top-column elementor-element elementor-element-cd2e9ec\" data-id=\"cd2e9ec\" data-element_type=\"column\">\n\t\t\t<div class=\"elementor-widget-wrap elementor-element-populated\">\n\t\t\t\t\t\t\t\t<div class=\"elementor-element elementor-element-90c67ab elementor-view-framed elementor-shape-circle elementor-widget elementor-widget-icon\" data-id=\"90c67ab\" data-element_type=\"widget\" data-widget_type=\"icon.default\">\n\t\t\t\t<div class=\"elementor-widget-container\">\n\t\t\t\t\t<div class=\"elementor-icon-wrapper\">\n\t\t\t<div class=\"elementor-icon\">\n\t\t\t<i aria-hidden=\"true\" class=\"fas fa-mobile-alt\"><\/i>\t\t\t<\/div>\n\t\t<\/div>\n\t\t\t\t<\/div>\n\t\t\t\t<\/div>\n\t\t\t\t<div class=\"elementor-element elementor-element-7e26b04 elementor-widget elementor-widget-heading\" data-id=\"7e26b04\" data-element_type=\"widget\" data-widget_type=\"heading.default\">\n\t\t\t\t<div class=\"elementor-widget-container\">\n\t\t\t<h2 class=\"elementor-heading-title elementor-size-default\">Telefone<\/h2>\t\t<\/div>\n\t\t\t\t<\/div>\n\t\t\t\t<div class=\"elementor-element elementor-element-1ce981e elementor-widget elementor-widget-text-editor\" data-id=\"1ce981e\" data-element_type=\"widget\" data-widget_type=\"text-editor.default\">\n\t\t\t\t<div class=\"elementor-widget-container\">\n\t\t\t\t\t\t\t<center><\/center><center>252 291 090<\/center><center>(Custo chamada rede fixa nacional)<\/center>\t\t\t\t\t\t<\/div>\n\t\t\t\t<\/div>\n\t\t\t\t\t<\/div>\n\t\t<\/div>\n\t\t\t\t<div class=\"elementor-column elementor-col-33 elementor-top-column elementor-element elementor-element-319606a\" data-id=\"319606a\" data-element_type=\"column\">\n\t\t\t<div class=\"elementor-widget-wrap elementor-element-populated\">\n\t\t\t\t\t\t\t\t<div class=\"elementor-element elementor-element-938e577 elementor-view-framed elementor-shape-circle elementor-widget elementor-widget-icon\" data-id=\"938e577\" data-element_type=\"widget\" data-widget_type=\"icon.default\">\n\t\t\t\t<div class=\"elementor-widget-container\">\n\t\t\t\t\t<div class=\"elementor-icon-wrapper\">\n\t\t\t<div class=\"elementor-icon\">\n\t\t\t<i aria-hidden=\"true\" class=\"far fa-envelope\"><\/i>\t\t\t<\/div>\n\t\t<\/div>\n\t\t\t\t<\/div>\n\t\t\t\t<\/div>\n\t\t\t\t<div class=\"elementor-element elementor-element-aee6b61 elementor-widget elementor-widget-heading\" data-id=\"aee6b61\" data-element_type=\"widget\" data-widget_type=\"heading.default\">\n\t\t\t\t<div class=\"elementor-widget-container\">\n\t\t\t<h2 class=\"elementor-heading-title elementor-size-default\">Email<\/h2>\t\t<\/div>\n\t\t\t\t<\/div>\n\t\t\t\t<div class=\"elementor-element elementor-element-e95da7a elementor-widget elementor-widget-text-editor\" data-id=\"e95da7a\" data-element_type=\"widget\" data-widget_type=\"text-editor.default\">\n\t\t\t\t<div class=\"elementor-widget-container\">\n\t\t\t\t\t\t\t<center><\/center><center>geral@1elemento.com<\/center>\t\t\t\t\t\t<\/div>\n\t\t\t\t<\/div>\n\t\t\t\t\t<\/div>\n\t\t<\/div>\n\t\t\t\t\t\t\t<\/div>\n\t\t<\/section>\n\t\t\t\t\t\t\t<\/div>\n\t\t","protected":false},"excerpt":{"rendered":"<p>A 1\u00ba Elemento \u2013 Programa\u00e7\u00e3o Inform\u00e1tica, Lda. foi constitu\u00edda em 1998, dentro do Grupo Escripovoa, orientada para a informatiza\u00e7\u00e3o e [&hellip;]<\/p>\n","protected":false},"author":1,"featured_media":0,"parent":0,"menu_order":0,"comment_status":"closed","ping_status":"closed","template":"page-templates\/template_page-builder.php","meta":{"footnotes":""},"_links":{"self":[{"href":"https:\/\/1elemento.com\/1ele\/wp-json\/wp\/v2\/pages\/4"}],"collection":[{"href":"https:\/\/1elemento.com\/1ele\/wp-json\/wp\/v2\/pages"}],"about":[{"href":"https:\/\/1elemento.com\/1ele\/wp-json\/wp\/v2\/types\/page"}],"author":[{"embeddable":true,"href":"https:\/\/1elemento.com\/1ele\/wp-json\/wp\/v2\/users\/1"}],"replies":[{"embeddable":true,"href":"https:\/\/1elemento.com\/1ele\/wp-json\/wp\/v2\/comments?post=4"}],"version-history":[{"count":140,"href":"https:\/\/1elemento.com\/1ele\/wp-json\/wp\/v2\/pages\/4\/revisions"}],"predecessor-version":[{"id":1466,"href":"https:\/\/1elemento.com\/1ele\/wp-json\/wp\/v2\/pages\/4\/revisions\/1466"}],"wp:attachment":[{"href":"https:\/\/1elemento.com\/1ele\/wp-json\/wp\/v2\/media?parent=4"}],"curies":[{"name":"wp","href":"https:\/\/api.w.org\/{rel}","templated":true}]}}